{"id":1448,"date":"2022-08-25T13:27:00","date_gmt":"2022-08-25T13:27:00","guid":{"rendered":"https:\/\/consultorio21b.com\/index.php\/home\/"},"modified":"2023-05-14T03:23:17","modified_gmt":"2023-05-14T03:23:17","slug":"inicio","status":"publish","type":"page","link":"https:\/\/consultorio21b.com\/","title":{"rendered":"Inicio"},"content":{"rendered":"\t\t<div data-elementor-type=\"wp-page\" data-elementor-id=\"1448\" class=\"elementor elementor-1448\">\n\t\t\t\t\t\t\t\t\t<section class=\"elementor-section elementor-top-section elementor-element elementor-element-0a002a8 elementor-section-height-min-height elementor-section-items-top elementor-section-boxed elementor-section-height-default\" data-id=\"0a002a8\" data-element_type=\"section\" data-settings=\"{&quot;background_background&quot;:&quot;classic&quot;}\">\n\t\t\t\t\t\t\t<div class=\"elementor-background-overlay\"><\/div>\n\t\t\t\t\t\t\t<div class=\"elementor-container elementor-column-gap-default\">\n\t\t\t\t\t<div class=\"elementor-column elementor-col-100 elementor-top-column elementor-element elementor-element-8d46742\" data-id=\"8d46742\" data-element_type=\"column\">\n\t\t\t<div class=\"elementor-widget-wrap elementor-element-populated\">\n\t\t\t\t\t\t\t\t<div class=\"elementor-element elementor-element-7876f5c elementor-widget elementor-widget-spacer\" data-id=\"7876f5c\" data-element_type=\"widget\" data-widget_type=\"spacer.default\">\n\t\t\t\t<div class=\"elementor-widget-container\">\n\t\t\t<style>\/*! elementor - v3.13.2 - 11-05-2023 *\/\n.elementor-column .elementor-spacer-inner{height:var(--spacer-size)}.e-con{--container-widget-width:100%}.e-con-inner>.elementor-widget-spacer,.e-con>.elementor-widget-spacer{width:var(--container-widget-width,var(--spacer-size));--align-self:var(--container-widget-align-self,initial);--flex-shrink:0}.e-con-inner>.elementor-widget-spacer>.elementor-widget-container,.e-con-inner>.elementor-widget-spacer>.elementor-widget-container>.elementor-spacer,.e-con>.elementor-widget-spacer>.elementor-widget-container,.e-con>.elementor-widget-spacer>.elementor-widget-container>.elementor-spacer{height:100%}.e-con-inner>.elementor-widget-spacer>.elementor-widget-container>.elementor-spacer>.elementor-spacer-inner,.e-con>.elementor-widget-spacer>.elementor-widget-container>.elementor-spacer>.elementor-spacer-inner{height:var(--container-widget-height,var(--spacer-size))}<\/style>\t\t<div class=\"elementor-spacer\">\n\t\t\t<div class=\"elementor-spacer-inner\"><\/div>\n\t\t<\/div>\n\t\t\t\t<\/div>\n\t\t\t\t<\/div>\n\t\t\t\t<div class=\"elementor-element elementor-element-fbdc8cf elementor-widget elementor-widget-heading\" data-id=\"fbdc8cf\" data-element_type=\"widget\" data-widget_type=\"heading.default\">\n\t\t\t\t<div class=\"elementor-widget-container\">\n\t\t\t<style>\/*! elementor - v3.13.2 - 11-05-2023 *\/\n.elementor-heading-title{padding:0;margin:0;line-height:1}.elementor-widget-heading .elementor-heading-title[class*=elementor-size-]>a{color:inherit;font-size:inherit;line-height:inherit}.elementor-widget-heading .elementor-heading-title.elementor-size-small{font-size:15px}.elementor-widget-heading .elementor-heading-title.elementor-size-medium{font-size:19px}.elementor-widget-heading .elementor-heading-title.elementor-size-large{font-size:29px}.elementor-widget-heading .elementor-heading-title.elementor-size-xl{font-size:39px}.elementor-widget-heading .elementor-heading-title.elementor-size-xxl{font-size:59px}<\/style><h1 class=\"elementor-heading-title elementor-size-default\">CONSULTORIO21b<\/h1>\t\t<\/div>\n\t\t\t\t<\/div>\n\t\t\t\t<div class=\"elementor-element elementor-element-47069c6 elementor-widget elementor-widget-heading\" data-id=\"47069c6\" data-element_type=\"widget\" data-widget_type=\"heading.default\">\n\t\t\t\t<div class=\"elementor-widget-container\">\n\t\t\t<h2 class=\"elementor-heading-title elementor-size-default\">Anatom\u00eda patol\u00f3gica<\/h2>\t\t<\/div>\n\t\t\t\t<\/div>\n\t\t\t\t<div class=\"elementor-element elementor-element-dd8e2ac elementor-align-center elementor-widget elementor-widget-button\" data-id=\"dd8e2ac\" data-element_type=\"widget\" data-widget_type=\"button.default\">\n\t\t\t\t<div class=\"elementor-widget-container\">\n\t\t\t\t\t<div class=\"elementor-button-wrapper\">\n\t\t\t<a href=\"#\" class=\"elementor-button-link elementor-button elementor-size-sm\" role=\"button\">\n\t\t\t\t\t\t<span class=\"elementor-button-content-wrapper\">\n\t\t\t\t\t\t<span class=\"elementor-button-text\">Explorar<\/span>\n\t\t<\/span>\n\t\t\t\t\t<\/a>\n\t\t<\/div>\n\t\t\t\t<\/div>\n\t\t\t\t<\/div>\n\t\t\t\t\t<\/div>\n\t\t<\/div>\n\t\t\t\t\t\t\t<\/div>\n\t\t<\/section>\n\t\t\t\t<section class=\"elementor-section elementor-top-section elementor-element elementor-element-aff6ae1 elementor-section-boxed elementor-section-height-default elementor-section-height-default\" data-id=\"aff6ae1\" data-element_type=\"section\">\n\t\t\t\t\t\t<div class=\"elementor-container elementor-column-gap-wide\">\n\t\t\t\t\t<div class=\"elementor-column elementor-col-33 elementor-top-column elementor-element elementor-element-f8352c5 elementor-invisible\" data-id=\"f8352c5\" data-element_type=\"column\" data-settings=\"{&quot;animation&quot;:&quot;fadeInLeft&quot;}\">\n\t\t\t<div class=\"elementor-widget-wrap elementor-element-populated\">\n\t\t\t\t\t\t\t\t<div class=\"elementor-element elementor-element-00d516a elementor-widget elementor-widget-image\" data-id=\"00d516a\" data-element_type=\"widget\" data-widget_type=\"image.default\">\n\t\t\t\t<div class=\"elementor-widget-container\">\n\t\t\t<style>\/*! elementor - v3.13.2 - 11-05-2023 *\/\n.elementor-widget-image{text-align:center}.elementor-widget-image a{display:inline-block}.elementor-widget-image a img[src$=\".svg\"]{width:48px}.elementor-widget-image img{vertical-align:middle;display:inline-block}<\/style>\t\t\t\t\t\t\t\t\t\t\t\t<img decoding=\"async\" width=\"1280\" height=\"853\" src=\"https:\/\/consultorio21b.com\/wp-content\/uploads\/2023\/05\/lab-analysis-diagnostics-2815639.jpg\" class=\"attachment-full size-full wp-image-1830\" alt=\"lab, analysis, diagnostics-2815639.jpg\" loading=\"lazy\" srcset=\"https:\/\/consultorio21b.com\/wp-content\/uploads\/2023\/05\/lab-analysis-diagnostics-2815639.jpg 1280w, https:\/\/consultorio21b.com\/wp-content\/uploads\/2023\/05\/lab-analysis-diagnostics-2815639-300x200.jpg 300w, https:\/\/consultorio21b.com\/wp-content\/uploads\/2023\/05\/lab-analysis-diagnostics-2815639-1024x682.jpg 1024w, https:\/\/consultorio21b.com\/wp-content\/uploads\/2023\/05\/lab-analysis-diagnostics-2815639-768x512.jpg 768w\" sizes=\"(max-width: 1280px) 100vw, 1280px\" \/>\t\t\t\t\t\t\t\t\t\t\t\t\t\t\t<\/div>\n\t\t\t\t<\/div>\n\t\t\t\t<div class=\"elementor-element elementor-element-5774235 elementor-widget elementor-widget-heading\" data-id=\"5774235\" data-element_type=\"widget\" data-widget_type=\"heading.default\">\n\t\t\t\t<div class=\"elementor-widget-container\">\n\t\t\t<h4 class=\"elementor-heading-title elementor-size-default\">\u00bfQu\u00e9 es un pat\u00f3logo?<\/h4>\t\t<\/div>\n\t\t\t\t<\/div>\n\t\t\t\t<div class=\"elementor-element elementor-element-87870da elementor-widget elementor-widget-text-editor\" data-id=\"87870da\" data-element_type=\"widget\" data-widget_type=\"text-editor.default\">\n\t\t\t\t<div class=\"elementor-widget-container\">\n\t\t\t<style>\/*! elementor - v3.13.2 - 11-05-2023 *\/\n.elementor-widget-text-editor.elementor-drop-cap-view-stacked .elementor-drop-cap{background-color:#69727d;color:#fff}.elementor-widget-text-editor.elementor-drop-cap-view-framed .elementor-drop-cap{color:#69727d;border:3px solid;background-color:transparent}.elementor-widget-text-editor:not(.elementor-drop-cap-view-default) .elementor-drop-cap{margin-top:8px}.elementor-widget-text-editor:not(.elementor-drop-cap-view-default) .elementor-drop-cap-letter{width:1em;height:1em}.elementor-widget-text-editor .elementor-drop-cap{float:left;text-align:center;line-height:1;font-size:50px}.elementor-widget-text-editor .elementor-drop-cap-letter{display:inline-block}<\/style>\t\t\t\t<p>Un pat\u00f3logo (anatomo-pat\u00f3logo) es un m\u00e9dico especializado en la integraci\u00f3n de datos cl\u00ednicos\u00a0<span style=\"font-style: inherit; font-weight: inherit; background-color: var(--ast-global-color-5); color: var(--ast-global-color-3);\">con la observaci\u00f3n de los tejidos en base a sus cambios celulares, su instrumento principal de\u00a0<\/span><span style=\"font-style: inherit; font-weight: inherit; background-color: var(--ast-global-color-5); color: var(--ast-global-color-3);\">trabajo es mediante un microscopio.<\/span><\/p>\t\t\t\t\t\t<\/div>\n\t\t\t\t<\/div>\n\t\t\t\t\t<\/div>\n\t\t<\/div>\n\t\t\t\t<div class=\"elementor-column elementor-col-33 elementor-top-column elementor-element elementor-element-9fec389 elementor-invisible\" data-id=\"9fec389\" data-element_type=\"column\" data-settings=\"{&quot;animation&quot;:&quot;fadeInLeft&quot;}\">\n\t\t\t<div class=\"elementor-widget-wrap elementor-element-populated\">\n\t\t\t\t\t\t\t\t<div class=\"elementor-element elementor-element-53ab989 elementor-widget elementor-widget-image\" data-id=\"53ab989\" data-element_type=\"widget\" data-widget_type=\"image.default\">\n\t\t\t\t<div class=\"elementor-widget-container\">\n\t\t\t\t\t\t\t\t\t\t\t\t\t\t\t<img decoding=\"async\" width=\"1280\" height=\"853\" src=\"https:\/\/consultorio21b.com\/wp-content\/uploads\/2023\/05\/pulse-hand-health-care-workers-818378.jpg\" class=\"attachment-full size-full wp-image-1828\" alt=\"pulse, hand, health care workers-818378.jpg\" loading=\"lazy\" srcset=\"https:\/\/consultorio21b.com\/wp-content\/uploads\/2023\/05\/pulse-hand-health-care-workers-818378.jpg 1280w, https:\/\/consultorio21b.com\/wp-content\/uploads\/2023\/05\/pulse-hand-health-care-workers-818378-300x200.jpg 300w, https:\/\/consultorio21b.com\/wp-content\/uploads\/2023\/05\/pulse-hand-health-care-workers-818378-1024x682.jpg 1024w, https:\/\/consultorio21b.com\/wp-content\/uploads\/2023\/05\/pulse-hand-health-care-workers-818378-768x512.jpg 768w\" sizes=\"(max-width: 1280px) 100vw, 1280px\" \/>\t\t\t\t\t\t\t\t\t\t\t\t\t\t\t<\/div>\n\t\t\t\t<\/div>\n\t\t\t\t<div class=\"elementor-element elementor-element-4dea650 elementor-widget elementor-widget-heading\" data-id=\"4dea650\" data-element_type=\"widget\" data-widget_type=\"heading.default\">\n\t\t\t\t<div class=\"elementor-widget-container\">\n\t\t\t<h4 class=\"elementor-heading-title elementor-size-default\">\u00bfQu\u00e9 es anatom\u00eda patol\u00f3gica?<\/h4>\t\t<\/div>\n\t\t\t\t<\/div>\n\t\t\t\t<div class=\"elementor-element elementor-element-b5ddd55 elementor-widget elementor-widget-text-editor\" data-id=\"b5ddd55\" data-element_type=\"widget\" data-widget_type=\"text-editor.default\">\n\t\t\t\t<div class=\"elementor-widget-container\">\n\t\t\t\t\t\t\t<p>Es la rama de la medicina que se encarga de estudiar los cambios a nivel celular de las\u00a0<span style=\"font-style: inherit; font-weight: inherit; background-color: var(--ast-global-color-5); color: var(--ast-global-color-3);\">enfermedades.<\/span><\/p>\t\t\t\t\t\t<\/div>\n\t\t\t\t<\/div>\n\t\t\t\t\t<\/div>\n\t\t<\/div>\n\t\t\t\t<div class=\"elementor-column elementor-col-33 elementor-top-column elementor-element elementor-element-a4b2aab elementor-invisible\" data-id=\"a4b2aab\" data-element_type=\"column\" data-settings=\"{&quot;animation&quot;:&quot;fadeInLeft&quot;}\">\n\t\t\t<div class=\"elementor-widget-wrap elementor-element-populated\">\n\t\t\t\t\t\t\t\t<div class=\"elementor-element elementor-element-83d3bf2 elementor-widget elementor-widget-image\" data-id=\"83d3bf2\" data-element_type=\"widget\" data-widget_type=\"image.default\">\n\t\t\t\t<div class=\"elementor-widget-container\">\n\t\t\t\t\t\t\t\t\t\t\t\t\t\t\t<img decoding=\"async\" width=\"1280\" height=\"853\" src=\"https:\/\/consultorio21b.com\/wp-content\/uploads\/2023\/05\/stethoscope-medical-health-2617700.jpg\" class=\"attachment-full size-full wp-image-1829\" alt=\"stethoscope, medical, health-2617700.jpg\" loading=\"lazy\" srcset=\"https:\/\/consultorio21b.com\/wp-content\/uploads\/2023\/05\/stethoscope-medical-health-2617700.jpg 1280w, https:\/\/consultorio21b.com\/wp-content\/uploads\/2023\/05\/stethoscope-medical-health-2617700-300x200.jpg 300w, https:\/\/consultorio21b.com\/wp-content\/uploads\/2023\/05\/stethoscope-medical-health-2617700-1024x682.jpg 1024w, https:\/\/consultorio21b.com\/wp-content\/uploads\/2023\/05\/stethoscope-medical-health-2617700-768x512.jpg 768w\" sizes=\"(max-width: 1280px) 100vw, 1280px\" \/>\t\t\t\t\t\t\t\t\t\t\t\t\t\t\t<\/div>\n\t\t\t\t<\/div>\n\t\t\t\t<div class=\"elementor-element elementor-element-14b01c6 elementor-widget elementor-widget-heading\" data-id=\"14b01c6\" data-element_type=\"widget\" data-widget_type=\"heading.default\">\n\t\t\t\t<div class=\"elementor-widget-container\">\n\t\t\t<h4 class=\"elementor-heading-title elementor-size-default\">\u00bfPara qu\u00e9 sirve la patolog\u00eda?<\/h4>\t\t<\/div>\n\t\t\t\t<\/div>\n\t\t\t\t<div class=\"elementor-element elementor-element-f55e44c elementor-widget elementor-widget-text-editor\" data-id=\"f55e44c\" data-element_type=\"widget\" data-widget_type=\"text-editor.default\">\n\t\t\t\t<div class=\"elementor-widget-container\">\n\t\t\t\t\t\t\t<p>En la gran mayor\u00eda de los casos sirve para confirmar un diagn\u00f3stico cl\u00ednico, sin embargo, tambi\u00e9n\u00a0<span style=\"font-style: inherit; font-weight: inherit; background-color: var(--ast-global-color-5); color: var(--ast-global-color-3);\">es de suma importancia para otros objetivos.<\/span><\/p>\t\t\t\t\t\t<\/div>\n\t\t\t\t<\/div>\n\t\t\t\t\t<\/div>\n\t\t<\/div>\n\t\t\t\t\t\t\t<\/div>\n\t\t<\/section>\n\t\t\t\t<section class=\"elementor-section elementor-top-section elementor-element elementor-element-6e2f681 elementor-section-boxed elementor-section-height-default elementor-section-height-default\" data-id=\"6e2f681\" data-element_type=\"section\">\n\t\t\t\t\t\t<div class=\"elementor-container elementor-column-gap-wide\">\n\t\t\t\t\t<div class=\"elementor-column elementor-col-50 elementor-top-column elementor-element elementor-element-e8c6ac4\" data-id=\"e8c6ac4\" data-element_type=\"column\">\n\t\t\t<div class=\"elementor-widget-wrap elementor-element-populated\">\n\t\t\t\t\t\t\t\t<div class=\"elementor-element elementor-element-dfec25a elementor-widget elementor-widget-heading\" data-id=\"dfec25a\" data-element_type=\"widget\" data-widget_type=\"heading.default\">\n\t\t\t\t<div class=\"elementor-widget-container\">\n\t\t\t<h2 class=\"elementor-heading-title elementor-size-default\">Acerca de <\/h2>\t\t<\/div>\n\t\t\t\t<\/div>\n\t\t\t\t<div class=\"elementor-element elementor-element-b9d0bf1 elementor-widget elementor-widget-text-editor\" data-id=\"b9d0bf1\" data-element_type=\"widget\" data-widget_type=\"text-editor.default\">\n\t\t\t\t<div class=\"elementor-widget-container\">\n\t\t\t\t\t\t\t<p>Soy un pat\u00f3logo especializado que te ayudar\u00e1 a confirmar, identificar y\/o evaluar un diagn\u00f3stico para tu tranquilidad.<\/p>\t\t\t\t\t\t<\/div>\n\t\t\t\t<\/div>\n\t\t\t\t\t<\/div>\n\t\t<\/div>\n\t\t\t\t<div class=\"elementor-column elementor-col-50 elementor-top-column elementor-element elementor-element-2851bf7\" data-id=\"2851bf7\" data-element_type=\"column\">\n\t\t\t<div class=\"elementor-widget-wrap elementor-element-populated\">\n\t\t\t\t\t\t\t\t<div class=\"elementor-element elementor-element-e3897f4 elementor-widget elementor-widget-image\" data-id=\"e3897f4\" data-element_type=\"widget\" data-widget_type=\"image.default\">\n\t\t\t\t<div class=\"elementor-widget-container\">\n\t\t\t\t\t\t\t\t\t\t\t\t\t\t\t<img decoding=\"async\" width=\"1024\" height=\"446\" src=\"https:\/\/consultorio21b.com\/wp-content\/uploads\/2023\/05\/doctor-hospital-healthcare-6701410-1024x446.jpg\" class=\"attachment-large size-large wp-image-1831\" alt=\"doctor, hospital, healthcare-6701410.jpg\" loading=\"lazy\" srcset=\"https:\/\/consultorio21b.com\/wp-content\/uploads\/2023\/05\/doctor-hospital-healthcare-6701410-1024x446.jpg 1024w, https:\/\/consultorio21b.com\/wp-content\/uploads\/2023\/05\/doctor-hospital-healthcare-6701410-300x131.jpg 300w, https:\/\/consultorio21b.com\/wp-content\/uploads\/2023\/05\/doctor-hospital-healthcare-6701410-768x334.jpg 768w, https:\/\/consultorio21b.com\/wp-content\/uploads\/2023\/05\/doctor-hospital-healthcare-6701410.jpg 1280w\" sizes=\"(max-width: 1024px) 100vw, 1024px\" \/>\t\t\t\t\t\t\t\t\t\t\t\t\t\t\t<\/div>\n\t\t\t\t<\/div>\n\t\t\t\t\t<\/div>\n\t\t<\/div>\n\t\t\t\t\t\t\t<\/div>\n\t\t<\/section>\n\t\t\t\t<section class=\"elementor-section elementor-top-section elementor-element elementor-element-be8b1b9 elementor-section-content-middle elementor-section-boxed elementor-section-height-default elementor-section-height-default\" data-id=\"be8b1b9\" data-element_type=\"section\" data-settings=\"{&quot;background_background&quot;:&quot;classic&quot;}\">\n\t\t\t\t\t\t<div class=\"elementor-container elementor-column-gap-default\">\n\t\t\t\t\t<div class=\"elementor-column elementor-col-100 elementor-top-column elementor-element elementor-element-a45eb33\" data-id=\"a45eb33\" data-element_type=\"column\">\n\t\t\t<div class=\"elementor-widget-wrap elementor-element-populated\">\n\t\t\t\t\t\t\t\t<div class=\"elementor-element elementor-element-ed4759e elementor-widget elementor-widget-heading\" data-id=\"ed4759e\" data-element_type=\"widget\" data-widget_type=\"heading.default\">\n\t\t\t\t<div class=\"elementor-widget-container\">\n\t\t\t<h2 class=\"elementor-heading-title elementor-size-default\">\u00bfNEcesitas un estudio?<\/h2>\t\t<\/div>\n\t\t\t\t<\/div>\n\t\t\t\t<div class=\"elementor-element elementor-element-c4f7b91 elementor-widget elementor-widget-text-editor\" data-id=\"c4f7b91\" data-element_type=\"widget\" data-widget_type=\"text-editor.default\">\n\t\t\t\t<div class=\"elementor-widget-container\">\n\t\t\t\t\t\t\t<p>Si tienes duda acerca de los costos, informaci\u00f3n de los estudios o algo m\u00e1s, no dudes en ponerte en contacto.<\/p>\t\t\t\t\t\t<\/div>\n\t\t\t\t<\/div>\n\t\t\t\t<div class=\"elementor-element elementor-element-bbdc8f2 elementor-align-center elementor-widget elementor-widget-button\" data-id=\"bbdc8f2\" data-element_type=\"widget\" data-widget_type=\"button.default\">\n\t\t\t\t<div class=\"elementor-widget-container\">\n\t\t\t\t\t<div class=\"elementor-button-wrapper\">\n\t\t\t<a href=\"#\" class=\"elementor-button-link elementor-button elementor-size-sm\" role=\"button\">\n\t\t\t\t\t\t<span class=\"elementor-button-content-wrapper\">\n\t\t\t\t\t\t<span class=\"elementor-button-text\">Quiero info<\/span>\n\t\t<\/span>\n\t\t\t\t\t<\/a>\n\t\t<\/div>\n\t\t\t\t<\/div>\n\t\t\t\t<\/div>\n\t\t\t\t\t<\/div>\n\t\t<\/div>\n\t\t\t\t\t\t\t<\/div>\n\t\t<\/section>\n\t\t\t\t\t\t\t<\/div>\n\t\t","protected":false},"excerpt":{"rendered":"<p>CONSULTORIO21b Anatom\u00eda patol\u00f3gica Explorar \u00bfQu\u00e9 es un pat\u00f3logo? Un pat\u00f3logo (anatomo-pat\u00f3logo) es un m\u00e9dico especializado en la integraci\u00f3n de datos cl\u00ednicos\u00a0con la observaci\u00f3n de los tejidos en base a sus cambios celulares, su instrumento principal de\u00a0trabajo es mediante un microscopio. \u00bfQu\u00e9 es anatom\u00eda patol\u00f3gica? Es la rama de la medicina que se encarga de estudiar &hellip;<\/p>\n<p class=\"read-more\"> <a class=\"\" href=\"https:\/\/consultorio21b.com\/\"> <span class=\"screen-reader-text\">Inicio<\/span> Read More &raquo;<\/a><\/p>\n","protected":false},"author":1,"featured_media":0,"parent":0,"menu_order":0,"comment_status":"closed","ping_status":"closed","template":"","meta":{"site-sidebar-layout":"no-sidebar","site-content-layout":"page-builder","ast-global-header-display":"","ast-banner-title-visibility":"","ast-main-header-display":"","ast-hfb-above-header-display":"","ast-hfb-below-header-display":"","ast-hfb-mobile-header-display":"","site-post-title":"disabled","ast-breadcrumbs-content":"","ast-featured-img":"disabled","footer-sml-layout":"","theme-transparent-header-meta":"enabled","adv-header-id-meta":"","stick-header-meta":"","header-above-stick-meta":"","header-main-stick-meta":"","header-below-stick-meta":""},"_links":{"self":[{"href":"https:\/\/consultorio21b.com\/index.php\/wp-json\/wp\/v2\/pages\/1448"}],"collection":[{"href":"https:\/\/consultorio21b.com\/index.php\/wp-json\/wp\/v2\/pages"}],"about":[{"href":"https:\/\/consultorio21b.com\/index.php\/wp-json\/wp\/v2\/types\/page"}],"author":[{"embeddable":true,"href":"https:\/\/consultorio21b.com\/index.php\/wp-json\/wp\/v2\/users\/1"}],"replies":[{"embeddable":true,"href":"https:\/\/consultorio21b.com\/index.php\/wp-json\/wp\/v2\/comments?post=1448"}],"version-history":[{"count":8,"href":"https:\/\/consultorio21b.com\/index.php\/wp-json\/wp\/v2\/pages\/1448\/revisions"}],"predecessor-version":[{"id":1838,"href":"https:\/\/consultorio21b.com\/index.php\/wp-json\/wp\/v2\/pages\/1448\/revisions\/1838"}],"wp:attachment":[{"href":"https:\/\/consultorio21b.com\/index.php\/wp-json\/wp\/v2\/media?parent=1448"}],"curies":[{"name":"wp","href":"https:\/\/api.w.org\/{rel}","templated":true}]}}